{"id":4887,"date":"2026-02-23T23:43:18","date_gmt":"2026-02-23T23:43:18","guid":{"rendered":"https:\/\/buenavida.coffee\/?post_type=product&#038;p=4887"},"modified":"2026-05-08T14:38:26","modified_gmt":"2026-05-08T14:38:26","slug":"la-chumeca-fermentacion-777-copy","status":"publish","type":"product","link":"https:\/\/buenavida.coffee\/es\/producto\/la-chumeca-fermentacion-777-copy\/","title":{"rendered":"La Chumeca Fermentaci\u00f3n 777 (Copy)"},"content":{"rendered":"","protected":false},"excerpt":{"rendered":"<p>Procedente de la regi\u00f3n de Los Santos en Costa Rica a 1.700 m s. n. m., este Yellow Catua\u00ed con fermentaci\u00f3n 777 de La Chumeca ofrece una taza vibrante y afrutada, con notas de ciruela, bayas, cereza y mandarina.<\/p>\n","protected":false},"featured_media":4747,"comment_status":"open","ping_status":"closed","template":"","meta":{"_acf_changed":false},"product_brand":[],"product_cat":[85],"product_tag":[],"class_list":{"0":"post-4887","1":"product","2":"type-product","3":"status-publish","4":"has-post-thumbnail","6":"product_cat-cafe","8":"first","9":"instock","10":"shipping-taxable","11":"purchasable","12":"product-type-variable"},"acf":[],"_links":{"self":[{"href":"https:\/\/buenavida.coffee\/es\/wp-json\/wp\/v2\/product\/4887","targetHints":{"allow":["GET"]}}],"collection":[{"href":"https:\/\/buenavida.coffee\/es\/wp-json\/wp\/v2\/product"}],"about":[{"href":"https:\/\/buenavida.coffee\/es\/wp-json\/wp\/v2\/types\/product"}],"replies":[{"embeddable":true,"href":"https:\/\/buenavida.coffee\/es\/wp-json\/wp\/v2\/comments?post=4887"}],"wp:featuredmedia":[{"embeddable":true,"href":"https:\/\/buenavida.coffee\/es\/wp-json\/wp\/v2\/media\/4747"}],"wp:attachment":[{"href":"https:\/\/buenavida.coffee\/es\/wp-json\/wp\/v2\/media?parent=4887"}],"wp:term":[{"taxonomy":"product_brand","embeddable":true,"href":"https:\/\/buenavida.coffee\/es\/wp-json\/wp\/v2\/product_brand?post=4887"},{"taxonomy":"product_cat","embeddable":true,"href":"https:\/\/buenavida.coffee\/es\/wp-json\/wp\/v2\/product_cat?post=4887"},{"taxonomy":"product_tag","embeddable":true,"href":"https:\/\/buenavida.coffee\/es\/wp-json\/wp\/v2\/product_tag?post=4887"}],"curies":[{"name":"wp","href":"https:\/\/api.w.org\/{rel}","templated":true}]}}