{"id":4750,"date":"2026-01-09T13:22:24","date_gmt":"2026-01-09T13:22:24","guid":{"rendered":"https:\/\/buenavida.coffee\/product\/brumas-del-zurqui-honey\/"},"modified":"2026-01-09T13:22:24","modified_gmt":"2026-01-09T13:22:24","slug":"brumas-del-zurqui-honey","status":"publish","type":"product","link":"https:\/\/buenavida.coffee\/es\/producto\/brumas-del-zurqui-honey\/","title":{"rendered":"Brumas del Zurqu\u00ed Honey"},"content":{"rendered":"","protected":false},"excerpt":{"rendered":"<p>De la regi\u00f3n de Los Santos (Costa Rica) a 1.600 m.a.s.l., este Villa Sarch\u00ed de proceso honey de Brumas del Zurqu\u00ed ofrece una taza vibrante y dulce, con notas de caramelo y miel, matices de ar\u00e1ndano y acidez c\u00edtrica de naranja, con un cuerpo medio y suave.<\/p>\n","protected":false},"featured_media":4467,"comment_status":"open","ping_status":"closed","template":"","meta":{"_acf_changed":false},"product_brand":[],"product_cat":[85],"product_tag":[],"class_list":{"0":"post-4750","1":"product","2":"type-product","3":"status-publish","4":"has-post-thumbnail","6":"product_cat-cafe","8":"first","9":"instock","10":"shipping-taxable","11":"purchasable","12":"product-type-variable"},"acf":[],"_links":{"self":[{"href":"https:\/\/buenavida.coffee\/es\/wp-json\/wp\/v2\/product\/4750","targetHints":{"allow":["GET"]}}],"collection":[{"href":"https:\/\/buenavida.coffee\/es\/wp-json\/wp\/v2\/product"}],"about":[{"href":"https:\/\/buenavida.coffee\/es\/wp-json\/wp\/v2\/types\/product"}],"replies":[{"embeddable":true,"href":"https:\/\/buenavida.coffee\/es\/wp-json\/wp\/v2\/comments?post=4750"}],"wp:featuredmedia":[{"embeddable":true,"href":"https:\/\/buenavida.coffee\/es\/wp-json\/wp\/v2\/media\/4467"}],"wp:attachment":[{"href":"https:\/\/buenavida.coffee\/es\/wp-json\/wp\/v2\/media?parent=4750"}],"wp:term":[{"taxonomy":"product_brand","embeddable":true,"href":"https:\/\/buenavida.coffee\/es\/wp-json\/wp\/v2\/product_brand?post=4750"},{"taxonomy":"product_cat","embeddable":true,"href":"https:\/\/buenavida.coffee\/es\/wp-json\/wp\/v2\/product_cat?post=4750"},{"taxonomy":"product_tag","embeddable":true,"href":"https:\/\/buenavida.coffee\/es\/wp-json\/wp\/v2\/product_tag?post=4750"}],"curies":[{"name":"wp","href":"https:\/\/api.w.org\/{rel}","templated":true}]}}