{"id":4730,"date":"2026-01-09T13:12:04","date_gmt":"2026-01-09T13:12:04","guid":{"rendered":"https:\/\/buenavida.coffee\/product\/la-bella-honey\/"},"modified":"2026-01-09T13:12:04","modified_gmt":"2026-01-09T13:12:04","slug":"la-bella-honey","status":"publish","type":"product","link":"https:\/\/buenavida.coffee\/es\/producto\/la-bella-honey\/","title":{"rendered":"La Bella Honey"},"content":{"rendered":"","protected":false},"excerpt":{"rendered":"<p>De la regi\u00f3n de Los Santos, en Costa Rica, a 1.500 m s. n. m., este Caturra\u2013Catua\u00ed de proceso honey de La Bella ofrece una taza dulce y vibrante, con notas de naranja, az\u00facar moreno y miel, c\u00edtricos brillantes tipo pomelo y un cuerpo jugoso, suave.<\/p>\n","protected":false},"featured_media":4446,"comment_status":"open","ping_status":"closed","template":"","meta":{"_acf_changed":false},"product_brand":[],"product_cat":[85],"product_tag":[],"class_list":{"0":"post-4730","1":"product","2":"type-product","3":"status-publish","4":"has-post-thumbnail","6":"product_cat-cafe","8":"first","9":"instock","10":"shipping-taxable","11":"purchasable","12":"product-type-variable"},"acf":[],"_links":{"self":[{"href":"https:\/\/buenavida.coffee\/es\/wp-json\/wp\/v2\/product\/4730","targetHints":{"allow":["GET"]}}],"collection":[{"href":"https:\/\/buenavida.coffee\/es\/wp-json\/wp\/v2\/product"}],"about":[{"href":"https:\/\/buenavida.coffee\/es\/wp-json\/wp\/v2\/types\/product"}],"replies":[{"embeddable":true,"href":"https:\/\/buenavida.coffee\/es\/wp-json\/wp\/v2\/comments?post=4730"}],"wp:featuredmedia":[{"embeddable":true,"href":"https:\/\/buenavida.coffee\/es\/wp-json\/wp\/v2\/media\/4446"}],"wp:attachment":[{"href":"https:\/\/buenavida.coffee\/es\/wp-json\/wp\/v2\/media?parent=4730"}],"wp:term":[{"taxonomy":"product_brand","embeddable":true,"href":"https:\/\/buenavida.coffee\/es\/wp-json\/wp\/v2\/product_brand?post=4730"},{"taxonomy":"product_cat","embeddable":true,"href":"https:\/\/buenavida.coffee\/es\/wp-json\/wp\/v2\/product_cat?post=4730"},{"taxonomy":"product_tag","embeddable":true,"href":"https:\/\/buenavida.coffee\/es\/wp-json\/wp\/v2\/product_tag?post=4730"}],"curies":[{"name":"wp","href":"https:\/\/api.w.org\/{rel}","templated":true}]}}