{"id":4716,"date":"2026-01-09T13:22:40","date_gmt":"2026-01-09T13:22:40","guid":{"rendered":"https:\/\/buenavida.coffee\/product\/cultivando-el-ser\/"},"modified":"2026-02-28T01:56:27","modified_gmt":"2026-02-28T01:56:27","slug":"cultivando-el-ser","status":"publish","type":"product","link":"https:\/\/buenavida.coffee\/es\/producto\/cultivando-el-ser\/","title":{"rendered":"Cultivating Self"},"content":{"rendered":"","protected":false},"excerpt":{"rendered":"<p>10 $ de tu compra se donan a Cultivando el Ser, una instituci\u00f3n educativa y sin \u00e1nimo de lucro 501 c3 que ofrece un curr\u00edculo integrador que entrelaza la sanaci\u00f3n ancestral y moderna para apoyar a cl\u00ednicos, defensores de pacientes, sanadores comunitarios y administradores de atenci\u00f3n m\u00e9dica. Est\u00e1n construyendo un movimiento para redefinir la atenci\u00f3n sanitaria y apreciar las medicinas de diferentes culturas, la naturaleza, la alimentaci\u00f3n y la espiritualidad. Cultivado en el Valle Central de Costa Rica a 1.500 m s. n. m., este Caturra\u2013Catua\u00ed lavado de Las Lajas ofrece una taza reconfortante y elegante, con capas de dulzura a caramelo, chocolate y miel, realzada por una brillante acidez c\u00edtrica y un cuerpo medio suave.  <\/p>\n","protected":false},"featured_media":4470,"comment_status":"open","ping_status":"closed","template":"","meta":{"_acf_changed":false},"product_brand":[],"product_cat":[85],"product_tag":[],"class_list":{"0":"post-4716","1":"product","2":"type-product","3":"status-publish","4":"has-post-thumbnail","6":"product_cat-cafe","8":"first","9":"instock","10":"shipping-taxable","11":"purchasable","12":"product-type-variable"},"acf":[],"_links":{"self":[{"href":"https:\/\/buenavida.coffee\/es\/wp-json\/wp\/v2\/product\/4716","targetHints":{"allow":["GET"]}}],"collection":[{"href":"https:\/\/buenavida.coffee\/es\/wp-json\/wp\/v2\/product"}],"about":[{"href":"https:\/\/buenavida.coffee\/es\/wp-json\/wp\/v2\/types\/product"}],"replies":[{"embeddable":true,"href":"https:\/\/buenavida.coffee\/es\/wp-json\/wp\/v2\/comments?post=4716"}],"wp:featuredmedia":[{"embeddable":true,"href":"https:\/\/buenavida.coffee\/es\/wp-json\/wp\/v2\/media\/4470"}],"wp:attachment":[{"href":"https:\/\/buenavida.coffee\/es\/wp-json\/wp\/v2\/media?parent=4716"}],"wp:term":[{"taxonomy":"product_brand","embeddable":true,"href":"https:\/\/buenavida.coffee\/es\/wp-json\/wp\/v2\/product_brand?post=4716"},{"taxonomy":"product_cat","embeddable":true,"href":"https:\/\/buenavida.coffee\/es\/wp-json\/wp\/v2\/product_cat?post=4716"},{"taxonomy":"product_tag","embeddable":true,"href":"https:\/\/buenavida.coffee\/es\/wp-json\/wp\/v2\/product_tag?post=4716"}],"curies":[{"name":"wp","href":"https:\/\/api.w.org\/{rel}","templated":true}]}}