{"id":4711,"date":"2026-01-09T13:23:29","date_gmt":"2026-01-09T13:23:29","guid":{"rendered":"https:\/\/buenavida.coffee\/product\/brumas-del-zurqui-natural\/"},"modified":"2026-01-09T13:23:29","modified_gmt":"2026-01-09T13:23:29","slug":"brumas-del-zurqui-natural","status":"publish","type":"product","link":"https:\/\/buenavida.coffee\/es\/producto\/brumas-del-zurqui-natural\/","title":{"rendered":"Brumas del Zurqu\u00ed Natural"},"content":{"rendered":"","protected":false},"excerpt":{"rendered":"<p>De la regi\u00f3n de Los Santos, Costa Rica, a 1.600 m s. n. m., este Typica natural de Brumas del Zurqu\u00ed ofrece una taza rica y expresiva, con delicadas notas de flor de limonero, dulzor de higo y fruta amarilla, complementadas por una acidez media tipo maracuy\u00e1 y un cuerpo pleno y jugoso.<\/p>\n","protected":false},"featured_media":4479,"comment_status":"open","ping_status":"closed","template":"","meta":{"_acf_changed":false},"product_brand":[],"product_cat":[85],"product_tag":[],"class_list":{"0":"post-4711","1":"product","2":"type-product","3":"status-publish","4":"has-post-thumbnail","6":"product_cat-cafe","8":"first","9":"instock","10":"shipping-taxable","11":"purchasable","12":"product-type-variable"},"acf":[],"_links":{"self":[{"href":"https:\/\/buenavida.coffee\/es\/wp-json\/wp\/v2\/product\/4711","targetHints":{"allow":["GET"]}}],"collection":[{"href":"https:\/\/buenavida.coffee\/es\/wp-json\/wp\/v2\/product"}],"about":[{"href":"https:\/\/buenavida.coffee\/es\/wp-json\/wp\/v2\/types\/product"}],"replies":[{"embeddable":true,"href":"https:\/\/buenavida.coffee\/es\/wp-json\/wp\/v2\/comments?post=4711"}],"wp:featuredmedia":[{"embeddable":true,"href":"https:\/\/buenavida.coffee\/es\/wp-json\/wp\/v2\/media\/4479"}],"wp:attachment":[{"href":"https:\/\/buenavida.coffee\/es\/wp-json\/wp\/v2\/media?parent=4711"}],"wp:term":[{"taxonomy":"product_brand","embeddable":true,"href":"https:\/\/buenavida.coffee\/es\/wp-json\/wp\/v2\/product_brand?post=4711"},{"taxonomy":"product_cat","embeddable":true,"href":"https:\/\/buenavida.coffee\/es\/wp-json\/wp\/v2\/product_cat?post=4711"},{"taxonomy":"product_tag","embeddable":true,"href":"https:\/\/buenavida.coffee\/es\/wp-json\/wp\/v2\/product_tag?post=4711"}],"curies":[{"name":"wp","href":"https:\/\/api.w.org\/{rel}","templated":true}]}}