{"id":4674,"date":"2026-01-09T13:24:48","date_gmt":"2026-01-09T13:24:48","guid":{"rendered":"https:\/\/buenavida.coffee\/product\/la-bella-natural-chumeca\/"},"modified":"2026-01-09T13:24:48","modified_gmt":"2026-01-09T13:24:48","slug":"la-bella-natural-chumeca","status":"publish","type":"product","link":"https:\/\/buenavida.coffee\/es\/producto\/la-bella-natural-chumeca\/","title":{"rendered":"La Bella Natural Chumeca"},"content":{"rendered":"","protected":false},"excerpt":{"rendered":"<p>De la regi\u00f3n de Los Santos, Costa Rica, a 1.500 m s. n. m., este Natural Chumeca Caturra\u2013Catua\u00ed de La Bella ofrece una taza dulce y compleja, con notas de pi\u00f1a deshidratada, miel y caramelo salado, equilibradas por una acidez c\u00edtrica media y un cuerpo medio suave.<\/p>\n","protected":false},"featured_media":4491,"comment_status":"open","ping_status":"closed","template":"","meta":{"_acf_changed":false},"product_brand":[],"product_cat":[85],"product_tag":[],"class_list":{"0":"post-4674","1":"product","2":"type-product","3":"status-publish","4":"has-post-thumbnail","6":"product_cat-cafe","8":"first","9":"instock","10":"shipping-taxable","11":"purchasable","12":"product-type-variable"},"acf":[],"_links":{"self":[{"href":"https:\/\/buenavida.coffee\/es\/wp-json\/wp\/v2\/product\/4674","targetHints":{"allow":["GET"]}}],"collection":[{"href":"https:\/\/buenavida.coffee\/es\/wp-json\/wp\/v2\/product"}],"about":[{"href":"https:\/\/buenavida.coffee\/es\/wp-json\/wp\/v2\/types\/product"}],"replies":[{"embeddable":true,"href":"https:\/\/buenavida.coffee\/es\/wp-json\/wp\/v2\/comments?post=4674"}],"wp:featuredmedia":[{"embeddable":true,"href":"https:\/\/buenavida.coffee\/es\/wp-json\/wp\/v2\/media\/4491"}],"wp:attachment":[{"href":"https:\/\/buenavida.coffee\/es\/wp-json\/wp\/v2\/media?parent=4674"}],"wp:term":[{"taxonomy":"product_brand","embeddable":true,"href":"https:\/\/buenavida.coffee\/es\/wp-json\/wp\/v2\/product_brand?post=4674"},{"taxonomy":"product_cat","embeddable":true,"href":"https:\/\/buenavida.coffee\/es\/wp-json\/wp\/v2\/product_cat?post=4674"},{"taxonomy":"product_tag","embeddable":true,"href":"https:\/\/buenavida.coffee\/es\/wp-json\/wp\/v2\/product_tag?post=4674"}],"curies":[{"name":"wp","href":"https:\/\/api.w.org\/{rel}","templated":true}]}}