{"id":4661,"date":"2026-01-06T05:58:12","date_gmt":"2026-01-06T05:58:12","guid":{"rendered":"https:\/\/buenavida.coffee\/product\/costaphonics\/"},"modified":"2026-03-10T14:47:12","modified_gmt":"2026-03-10T14:47:12","slug":"costaphonics","status":"publish","type":"product","link":"https:\/\/buenavida.coffee\/es\/producto\/costaphonics\/","title":{"rendered":"Costaphonics"},"content":{"rendered":"","protected":false},"excerpt":{"rendered":"<p>De la regi\u00f3n de Los Santos, Costa Rica, a 1.500 m s. n. m., este Caturra\u2013Catua\u00ed de La Bella procesado con miel ofrece una taza dulce y vibrante, con notas de naranja, az\u00facar moreno y miel, c\u00edtricos brillantes tipo pomelo y un cuerpo jugoso, suave. El caf\u00e9 de especialidad regenerativo de Finca La Bella ofrece una experiencia m\u00e1s all\u00e1 de la taza. Gracias a una colaboraci\u00f3n con Costaphonics, Listening Planet y Earth Percent, los sonidos naturales de una finca cafetera sana de Costa Rica se transforman en paisajes sonoros inmersivos. El 50 % de las regal\u00edas apoya a productores regenerativos y a iniciativas de biodiversidad y salud del suelo.<\/p>\n<p>Finca La Bella es una finca familiar de quinta generaci\u00f3n con cafetos de m\u00e1s de 130 a\u00f1os. Pionera en agricultura regenerativa y org\u00e1nica certificada por USDA en Costa Rica, produce un caf\u00e9 excepcional mientras restaura la salud del suelo y la biodiversidad.<\/p>\n","protected":false},"featured_media":4663,"comment_status":"open","ping_status":"closed","template":"","meta":{"_acf_changed":false},"product_brand":[],"product_cat":[85],"product_tag":[],"class_list":{"0":"post-4661","1":"product","2":"type-product","3":"status-publish","4":"has-post-thumbnail","6":"product_cat-cafe","8":"first","9":"instock","10":"shipping-taxable","11":"purchasable","12":"product-type-variable"},"acf":[],"_links":{"self":[{"href":"https:\/\/buenavida.coffee\/es\/wp-json\/wp\/v2\/product\/4661","targetHints":{"allow":["GET"]}}],"collection":[{"href":"https:\/\/buenavida.coffee\/es\/wp-json\/wp\/v2\/product"}],"about":[{"href":"https:\/\/buenavida.coffee\/es\/wp-json\/wp\/v2\/types\/product"}],"replies":[{"embeddable":true,"href":"https:\/\/buenavida.coffee\/es\/wp-json\/wp\/v2\/comments?post=4661"}],"wp:featuredmedia":[{"embeddable":true,"href":"https:\/\/buenavida.coffee\/es\/wp-json\/wp\/v2\/media\/4663"}],"wp:attachment":[{"href":"https:\/\/buenavida.coffee\/es\/wp-json\/wp\/v2\/media?parent=4661"}],"wp:term":[{"taxonomy":"product_brand","embeddable":true,"href":"https:\/\/buenavida.coffee\/es\/wp-json\/wp\/v2\/product_brand?post=4661"},{"taxonomy":"product_cat","embeddable":true,"href":"https:\/\/buenavida.coffee\/es\/wp-json\/wp\/v2\/product_cat?post=4661"},{"taxonomy":"product_tag","embeddable":true,"href":"https:\/\/buenavida.coffee\/es\/wp-json\/wp\/v2\/product_tag?post=4661"}],"curies":[{"name":"wp","href":"https:\/\/api.w.org\/{rel}","templated":true}]}}