{"id":4755,"date":"2026-01-06T11:37:58","date_gmt":"2026-01-06T11:37:58","guid":{"rendered":"https:\/\/buenavida.coffee\/politica-de-reembolsos-y-devoluciones\/"},"modified":"2026-02-18T10:14:23","modified_gmt":"2026-02-18T10:14:23","slug":"politica-de-reembolsos-y-devoluciones","status":"publish","type":"page","link":"https:\/\/buenavida.coffee\/es\/politica-de-reembolsos-y-devoluciones\/","title":{"rendered":"Pol\u00edtica de reembolsos y devoluciones"},"content":{"rendered":"\n<p><b>Esta es una p\u00e1gina de ejemplo.<\/b><\/p>\n\n<h2 class=\"wp-block-heading\">Resumen<\/h2>\n\n<p>Nuestra pol\u00edtica de reembolsos y devoluciones tiene una duraci\u00f3n de 30 d\u00edas. Si han pasado 30 d\u00edas desde tu compra, no podemos ofrecerte un reembolso completo ni un cambio. <\/p>\n\n<p>Para poder realizar una devoluci\u00f3n, tu art\u00edculo debe estar sin usar y en las mismas condiciones en que lo recibiste. Tambi\u00e9n debe estar en su embalaje original. <\/p>\n\n<p>Varios tipos de productos est\u00e1n exentos de devoluci\u00f3n. Los productos perecederos como alimentos, flores, peri\u00f3dicos o revistas no pueden devolverse. Tampoco aceptamos productos que sean art\u00edculos \u00edntimos o sanitarios, materiales peligrosos o l\u00edquidos o gases inflamables.  <\/p>\n\n<p>Otros art\u00edculos no devolvibles:<\/p>\n\n<ul class=\"wp-block-list\">\n<li>Tarjetas de regalo<\/li>\n<li>Productos de software descargables<\/li>\n<li>Algunos art\u00edculos de salud y cuidado personal<\/li>\n<\/ul>\n\n<p>Para completar tu devoluci\u00f3n, necesitamos un recibo o comprobante de compra.<\/p>\n\n<p>Por favor, no devuelvas tu compra al fabricante.<\/p>\n\n<p>Existen ciertas situaciones en las que solo se conceden reembolsos parciales:<\/p>\n\n<ul class=\"wp-block-list\">\n<li>Libros con signos evidentes de uso<\/li>\n<li>CD, DVD, cinta VHS, software, videojuego, cinta de casete o disco de vinilo que haya sido abierto.<\/li>\n<li>Cualquier art\u00edculo que no est\u00e9 en su estado original, que est\u00e9 da\u00f1ado o al que le falten piezas por razones ajenas a nuestro error.<\/li>\n<li>Cualquier art\u00edculo devuelto m\u00e1s de 30 d\u00edas despu\u00e9s de la entrega<\/li>\n<\/ul>\n\n<h2 class=\"wp-block-heading\">Reembolsos<\/h2>\n\n<p>Una vez recibida e inspeccionada tu devoluci\u00f3n, te enviaremos un correo electr\u00f3nico para notificarte que hemos recibido tu art\u00edculo devuelto. Tambi\u00e9n te notificaremos la aprobaci\u00f3n o el rechazo de tu reembolso. <\/p>\n\n<p>Si se aprueba, se procesar\u00e1 tu reembolso y se aplicar\u00e1 autom\u00e1ticamente un cr\u00e9dito a tu tarjeta de cr\u00e9dito o m\u00e9todo de pago original, en un plazo determinado de d\u00edas.<\/p>\n\n<h3 class=\"wp-block-heading\">Reembolsos tard\u00edos o faltantes<\/h3>\n\n<p>Si a\u00fan no has recibido el reembolso, primero vuelve a comprobar tu cuenta bancaria.<\/p>\n\n<p>A continuaci\u00f3n, ponte en contacto con la entidad emisora de tu tarjeta de cr\u00e9dito; puede pasar alg\u00fan tiempo antes de que el reembolso se contabilice oficialmente.<\/p>\n\n<p>Despu\u00e9s, ponte en contacto con tu banco. A menudo hay un tiempo de procesamiento antes de que se contabilice el reembolso. <\/p>\n\n<p>Si has hecho todo esto y a\u00fan no has recibido el reembolso, ponte en contacto con nosotros en {email address}.<\/p>\n\n<h3 class=\"wp-block-heading\">Art\u00edculos en oferta<\/h3>\n\n<p>Solo se pueden reembolsar los art\u00edculos de precio normal. Los art\u00edculos en oferta no se pueden reembolsar. <\/p>\n\n<h2 class=\"wp-block-heading\">Cambios<\/h2>\n\n<p>Solo reemplazamos art\u00edculos si est\u00e1n defectuosos o da\u00f1ados. Si necesitas cambiarlo por el mismo art\u00edculo, env\u00edanos un correo electr\u00f3nico a {email address} y env\u00eda tu art\u00edculo a: {physical address}. <\/p>\n\n<h2 class=\"wp-block-heading\">Regalos<\/h2>\n\n<p>Si el art\u00edculo se marc\u00f3 como regalo al comprarlo y se te envi\u00f3 directamente a ti, recibir\u00e1s un cr\u00e9dito de regalo por el valor de tu devoluci\u00f3n. Una vez recibido el art\u00edculo devuelto, se te enviar\u00e1 un certificado de regalo por correo postal. <\/p>\n\n<p>Si el art\u00edculo no se marc\u00f3 como regalo al comprarlo, o si la persona que hizo el regalo pidi\u00f3 que se le enviara el pedido a ella misma para d\u00e1rtelo m\u00e1s tarde, le enviaremos el reembolso a ella y se enterar\u00e1 de tu devoluci\u00f3n.<\/p>\n\n<h2 class=\"wp-block-heading\">Env\u00edo de devoluciones<\/h2>\n\n<p>Para devolver tu producto, debes enviarlo por correo a: {physical address}.<\/p>\n\n<p>T\u00fa ser\u00e1s responsable de pagar tus propios gastos de env\u00edo para devolver el art\u00edculo. Los gastos de env\u00edo no son reembolsables. Si recibes un reembolso, el coste del env\u00edo de la devoluci\u00f3n se deducir\u00e1 de tu reembolso.  <\/p>\n\n<p>Dependiendo de d\u00f3nde vivas, el tiempo que tarde en llegarte el producto cambiado puede variar.<\/p>\n\n<p>Si vas a devolver art\u00edculos de mayor valor, puedes considerar el uso de un servicio de env\u00edo con seguimiento o la contrataci\u00f3n de un seguro de env\u00edo. No garantizamos que recibamos el art\u00edculo devuelto. <\/p>\n\n<h2 class=\"wp-block-heading\">\u00bfNecesitas ayuda?<\/h2>\n\n<p>Ponte en contacto con nosotros en {email} para cuestiones relacionadas con reembolsos y devoluciones.<\/p>\n","protected":false},"excerpt":{"rendered":"<p>Esta es una p\u00e1gina de ejemplo. Resumen Nuestra pol\u00edtica de reembolsos y devoluciones tiene una duraci\u00f3n de 30 d\u00edas. Si han pasado 30 d\u00edas desde tu compra, no podemos ofrecerte un reembolso completo ni un cambio. Para poder realizar una devoluci\u00f3n, tu art\u00edculo debe estar sin usar y en las mismas condiciones en que lo [&hellip;]<\/p>\n","protected":false},"author":1,"featured_media":0,"parent":0,"menu_order":0,"comment_status":"closed","ping_status":"closed","template":"","meta":{"_acf_changed":false,"footnotes":""},"class_list":["post-4755","page","type-page","status-publish","hentry"],"acf":[],"_links":{"self":[{"href":"https:\/\/buenavida.coffee\/es\/wp-json\/wp\/v2\/pages\/4755","targetHints":{"allow":["GET"]}}],"collection":[{"href":"https:\/\/buenavida.coffee\/es\/wp-json\/wp\/v2\/pages"}],"about":[{"href":"https:\/\/buenavida.coffee\/es\/wp-json\/wp\/v2\/types\/page"}],"author":[{"embeddable":true,"href":"https:\/\/buenavida.coffee\/es\/wp-json\/wp\/v2\/users\/1"}],"replies":[{"embeddable":true,"href":"https:\/\/buenavida.coffee\/es\/wp-json\/wp\/v2\/comments?post=4755"}],"version-history":[{"count":3,"href":"https:\/\/buenavida.coffee\/es\/wp-json\/wp\/v2\/pages\/4755\/revisions"}],"predecessor-version":[{"id":4758,"href":"https:\/\/buenavida.coffee\/es\/wp-json\/wp\/v2\/pages\/4755\/revisions\/4758"}],"wp:attachment":[{"href":"https:\/\/buenavida.coffee\/es\/wp-json\/wp\/v2\/media?parent=4755"}],"curies":[{"name":"wp","href":"https:\/\/api.w.org\/{rel}","templated":true}]}}